{"id":7244,"date":"2020-03-29T22:16:14","date_gmt":"2020-03-29T19:16:14","guid":{"rendered":"https:\/\/www.pharmika.md\/product\/crema-matifianta-cu-vitamina-b3-si-nanoargint-200ml\/"},"modified":"2026-01-28T00:44:01","modified_gmt":"2026-01-27T21:44:01","slug":"crema-matifianta-cu-vitamina-b3-si-nanoargint","status":"publish","type":"product","link":"https:\/\/www.pharmika.md\/ro\/produs\/crema-matifianta-cu-vitamina-b3-si-nanoargint\/","title":{"rendered":"Crem\u0103 pentru ten gras cu pori dilata\u021bi, 200ml ||| Mic\u0219oreaz\u0103 porii, regleaz\u0103 excesul de sebum \u0219i reduce inflama\u021biile"},"content":{"rendered":"<p>[et_pb_section fb_built=&#8221;1&#8243; module_class=&#8221;ps-cs-bg-fon-top&#8221; _builder_version=&#8221;4.27.4&#8243; custom_padding=&#8221;0px||||false|false&#8221; global_colors_info=&#8221;{}&#8221;][et_pb_row _builder_version=&#8221;4.16&#8243; background_size=&#8221;initial&#8221; background_position=&#8221;top_left&#8221; background_repeat=&#8221;repeat&#8221; width=&#8221;100%&#8221; custom_padding=&#8221;0px||0px||false|false&#8221; global_colors_info=&#8221;{}&#8221;][et_pb_column type=&#8221;4_4&#8243; _builder_version=&#8221;4.16&#8243; custom_padding=&#8221;|||&#8221; global_colors_info=&#8221;{}&#8221; custom_padding__hover=&#8221;|||&#8221;][et_pb_wc_breadcrumb _builder_version=&#8221;4.16&#8243; global_colors_info=&#8221;{}&#8221;][\/et_pb_wc_breadcrumb][et_pb_wc_cart_notice _builder_version=&#8221;4.16&#8243; global_colors_info=&#8221;{}&#8221;][\/et_pb_wc_cart_notice][\/et_pb_column][\/et_pb_row][et_pb_row column_structure=&#8221;1_2,1_2&#8243; _builder_version=&#8221;4.16&#8243; background_size=&#8221;initial&#8221; background_position=&#8221;top_left&#8221; background_repeat=&#8221;repeat&#8221; width=&#8221;100%&#8221; custom_padding=&#8221;0px||||false|false&#8221; global_colors_info=&#8221;{}&#8221;][et_pb_column type=&#8221;1_2&#8243; _builder_version=&#8221;4.16&#8243; custom_padding=&#8221;|||&#8221; global_colors_info=&#8221;{}&#8221; custom_padding__hover=&#8221;|||&#8221;][et_pb_wc_images _builder_version=&#8221;4.16&#8243; global_colors_info=&#8221;{}&#8221;][\/et_pb_wc_images][\/et_pb_column][et_pb_column type=&#8221;1_2&#8243; _builder_version=&#8221;4.16&#8243; custom_padding=&#8221;|||&#8221; global_colors_info=&#8221;{}&#8221; custom_padding__hover=&#8221;|||&#8221;][et_pb_wc_title _builder_version=&#8221;4.16&#8243; global_colors_info=&#8221;{}&#8221;][\/et_pb_wc_title][et_pb_wc_rating _builder_version=&#8221;4.16&#8243; global_colors_info=&#8221;{}&#8221;][\/et_pb_wc_rating][et_pb_wc_price _builder_version=&#8221;4.16&#8243; global_colors_info=&#8221;{}&#8221;][\/et_pb_wc_price][et_pb_wc_description _builder_version=&#8221;4.16&#8243; global_colors_info=&#8221;{}&#8221;][\/et_pb_wc_description][et_pb_wc_add_to_cart _builder_version=&#8221;4.16&#8243; global_colors_info=&#8221;{}&#8221;][\/et_pb_wc_add_to_cart][et_pb_wc_meta _builder_version=&#8221;4.16&#8243; global_colors_info=&#8221;{}&#8221;][\/et_pb_wc_meta][\/et_pb_column][\/et_pb_row][\/et_pb_section][et_pb_section fb_built=&#8221;1&#8243; disabled_on=&#8221;on|on|off&#8221; _builder_version=&#8221;4.27.4&#8243; _module_preset=&#8221;default&#8221; background_image=&#8221;https:\/\/www.pharmika.md\/wp-content\/uploads\/2025\/10\/54545.png&#8221; background_size=&#8221;contain&#8221; custom_padding=&#8221;11px|||||&#8221; locked=&#8221;off&#8221; global_colors_info=&#8221;{}&#8221;][et_pb_row column_structure=&#8221;1_2,1_2&#8243; _builder_version=&#8221;4.27.4&#8243; _module_preset=&#8221;default&#8221; background_enable_image=&#8221;off&#8221; background_size=&#8221;contain&#8221; width=&#8221;90%&#8221; max_width=&#8221;1010px&#8221; custom_padding=&#8221;120px||60px||false|false&#8221; global_colors_info=&#8221;{}&#8221;][et_pb_column type=&#8221;1_2&#8243; _builder_version=&#8221;4.27.4&#8243; _module_preset=&#8221;default&#8221; global_colors_info=&#8221;{}&#8221;][et_pb_text _builder_version=&#8221;4.27.4&#8243; _module_preset=&#8221;default&#8221; header_2_font=&#8221;|||on|||||&#8221; header_2_font_size=&#8221;23px&#8221; header_3_font=&#8221;|300|||||||&#8221; header_3_font_size=&#8221;19px&#8221; width=&#8221;90%&#8221; module_alignment=&#8221;center&#8221; custom_margin=&#8221;||||false|false&#8221; custom_padding=&#8221;||||false|false&#8221; header_text_shadow_style=&#8221;preset1&#8243; header_2_text_shadow_style=&#8221;preset1&#8243; header_2_text_shadow_color=&#8221;#FFFFFF&#8221; header_3_text_shadow_style=&#8221;preset1&#8243; header_3_text_shadow_color=&#8221;#FFFFFF&#8221; global_colors_info=&#8221;{}&#8221;]<\/p>\n<h2 style=\"text-align: center;\">Un salon de \u00eenfrumuse\u021bare la tine acas\u0103 cu cosmetice pHarmika!<\/h2>\n<h3 style=\"text-align: center;\">Produse de top pHarmika recomandate de cosmetologi<\/h3>\n<p>[\/et_pb_text][\/et_pb_column][et_pb_column type=&#8221;1_2&#8243; _builder_version=&#8221;4.27.4&#8243; _module_preset=&#8221;default&#8221; global_colors_info=&#8221;{}&#8221;][\/et_pb_column][\/et_pb_row][\/et_pb_section][et_pb_section fb_built=&#8221;1&#8243; disabled_on=&#8221;off|off|on&#8221; _builder_version=&#8221;4.27.4&#8243; _module_preset=&#8221;default&#8221; background_image=&#8221;https:\/\/www.pharmika.md\/wp-content\/uploads\/2025\/11\/tel54545.png&#8221; background_size=&#8221;contain&#8221; locked=&#8221;off&#8221; global_colors_info=&#8221;{}&#8221;][et_pb_row _builder_version=&#8221;4.27.4&#8243; _module_preset=&#8221;default&#8221; background_enable_image=&#8221;off&#8221; background_size=&#8221;contain&#8221; module_alignment=&#8221;center&#8221; custom_padding=&#8221;|0px||0px|false|false&#8221; global_colors_info=&#8221;{}&#8221;][et_pb_column type=&#8221;4_4&#8243; _builder_version=&#8221;4.27.4&#8243; _module_preset=&#8221;default&#8221; global_colors_info=&#8221;{}&#8221;][et_pb_text _builder_version=&#8221;4.27.4&#8243; _module_preset=&#8221;default&#8221; header_2_font=&#8221;|||on|||||&#8221; header_2_font_size=&#8221;18px&#8221; header_2_line_height=&#8221;1.4em&#8221; header_3_font=&#8221;|300|||||||&#8221; header_3_font_size=&#8221;16px&#8221; width=&#8221;340px&#8221; max_width=&#8221;100%&#8221; module_alignment=&#8221;center&#8221; max_height=&#8221;100px&#8221; custom_margin=&#8221;||210px||false|false&#8221; custom_padding=&#8221;0px||||false|false&#8221; global_colors_info=&#8221;{}&#8221;]<\/p>\n<h2 style=\"text-align: center;\">Un salon de \u00eenfrumuse\u021bare la tine acas\u0103 cu cosmetice pHarmika!<\/h2>\n<h3 style=\"text-align: center;\">Produse de top pHarmika recomandate de cosmetologi<\/h3>\n<p>[\/et_pb_text][\/et_pb_column][\/et_pb_row][\/et_pb_section][et_pb_section fb_built=&#8221;1&#8243; module_class=&#8221;ps-cs-bg-fon-top&#8221; _builder_version=&#8221;4.27.4&#8243; custom_padding=&#8221;0px||||false|false&#8221; locked=&#8221;off&#8221; global_colors_info=&#8221;{}&#8221;][et_pb_row _builder_version=&#8221;4.16&#8243; background_size=&#8221;initial&#8221; background_position=&#8221;top_left&#8221; background_repeat=&#8221;repeat&#8221; width=&#8221;100%&#8221; global_colors_info=&#8221;{}&#8221;][et_pb_column type=&#8221;4_4&#8243; _builder_version=&#8221;4.16&#8243; custom_padding=&#8221;|||&#8221; global_colors_info=&#8221;{}&#8221; custom_padding__hover=&#8221;|||&#8221;][et_pb_wc_tabs _builder_version=&#8221;4.16&#8243; global_colors_info=&#8221;{}&#8221;]\t\t\t\t\t[\/et_pb_wc_tabs][et_pb_text _builder_version=&#8221;4.16&#8243; custom_margin=&#8221;60px||||false|false&#8221; global_colors_info=&#8221;{}&#8221;]<\/p>\n<h3>Recenzii<\/h3>\n<p>[\/et_pb_text][et_pb_testimonial _builder_version=&#8221;4.16&#8243; global_colors_info=&#8221;{}&#8221;]Fii primul care \u00ee\u0219i spune p\u0103rerea&#8230;[\/et_pb_testimonial][et_pb_button button_text=&#8221;Las\u0103 o recenzie&#8221; module_class=&#8221;ps-cs-otzyv&#8221; _builder_version=&#8221;4.16&#8243; global_colors_info=&#8221;{}&#8221;][\/et_pb_button][\/et_pb_column][\/et_pb_row][et_pb_row _builder_version=&#8221;4.16&#8243; background_size=&#8221;initial&#8221; background_position=&#8221;top_left&#8221; background_repeat=&#8221;repeat&#8221; width=&#8221;100%&#8221; global_colors_info=&#8221;{}&#8221;][et_pb_column type=&#8221;4_4&#8243; _builder_version=&#8221;4.16&#8243; custom_padding=&#8221;|||&#8221; global_colors_info=&#8221;{}&#8221; custom_padding__hover=&#8221;|||&#8221;][et_pb_wc_upsells _builder_version=&#8221;4.16&#8243; global_colors_info=&#8221;{}&#8221;][\/et_pb_wc_upsells][\/et_pb_column][\/et_pb_row][\/et_pb_section]<\/p>\n","protected":false},"excerpt":{"rendered":"<h2>Cream Matting vitamin B3 and nanosilver, 200ml<\/h2>\n","protected":false},"featured_media":8834,"template":"","meta":{"_et_pb_use_builder":"on","_et_pb_old_content":"<strong>Ac\u021biuni principale:<\/strong>\r\n<ul>\r\n \t<li><strong>Propriet\u0103\u021bi antiseptice \u0219i antioxidante:<\/strong>\u00a0Protejeaz\u0103 pielea de bacterii \u0219i radicali liberi, prevenind inflama\u021bia \u0219i \u00eemb\u0103tr\u00e2nirea.<\/li>\r\n \t<li><strong>Nu usuc\u0103 pielea:<\/strong>\u00a0Hidrateaz\u0103 \u0219i men\u021bine un echilibru confortabil f\u0103r\u0103 a provoca usc\u0103ciune.<\/li>\r\n \t<li><strong>Ac\u021biune bacteriostatic\u0103:<\/strong>\u00a0Previne dezvoltarea microorganismelor pe piele, reduc\u00e2nd riscul de inflama\u021bie \u0219i erup\u021bii cutanate.<\/li>\r\n \t<li><strong>Normalizarea glandelor sebacee:<\/strong>\u00a0Regleaz\u0103 produc\u021bia de sebum, prevenind str\u0103lucirea uleioas\u0103.<\/li>\r\n \t<li><strong>Efect cumulativ mat:<\/strong>\u00a0Ofer\u0103 un finisaj mat de lung\u0103 durat\u0103, \u00eembun\u0103t\u0103\u021bind aspectul pielii \u0219i prevenind apari\u021bia str\u0103lucirii.<\/li>\r\n<\/ul>\r\n<strong>Rezultat:<\/strong>\u00a0Piele hidratat\u0103, curat\u0103 \u0219i mat\u0103, cu o stare \u00eembun\u0103t\u0103\u021bit\u0103 \u0219i un ton uniform.\r\n\r\n<strong>Caracteristici:<\/strong>\r\n<ul>\r\n \t<li>Ambalare: Tub PET cu un flip top convenabil pentru utilizare convenabil\u0103 \u0219i economic\u0103.<\/li>\r\n<\/ul>\r\n<strong>Formular de eliberare:<\/strong>\r\n200 ml \u2013 tub PET.\u00a0<strong>Suplimentar:<\/strong>\r\nProdusul este certificat \u0219i \u00eendepline\u0219te standardele interna\u021bionale de calitate.","_et_gb_content_width":""},"product_brand":[],"product_cat":[189,180,181,183,207,219,259],"product_tag":[],"class_list":{"0":"post-7244","1":"product","2":"type-product","3":"status-publish","4":"has-post-thumbnail","6":"product_cat-creme","7":"product_cat-ten-gras","8":"product_cat-ten-mixt","9":"product_cat-ten-tanar","10":"product_cat-seria-antibacteriana-cu-vitamina-b3-si-nanoargint","11":"product_cat-ten-problematic-stop-acne","12":"product_cat-top-produse-pentru-pielea-problematica","14":"first","15":"instock","16":"shipping-taxable","17":"purchasable","18":"product-type-simple"},"_links":{"self":[{"href":"https:\/\/www.pharmika.md\/ro\/wp-json\/wp\/v2\/product\/7244","targetHints":{"allow":["GET"]}}],"collection":[{"href":"https:\/\/www.pharmika.md\/ro\/wp-json\/wp\/v2\/product"}],"about":[{"href":"https:\/\/www.pharmika.md\/ro\/wp-json\/wp\/v2\/types\/product"}],"wp:featuredmedia":[{"embeddable":true,"href":"https:\/\/www.pharmika.md\/ro\/wp-json\/wp\/v2\/media\/8834"}],"wp:attachment":[{"href":"https:\/\/www.pharmika.md\/ro\/wp-json\/wp\/v2\/media?parent=7244"}],"wp:term":[{"taxonomy":"product_brand","embeddable":true,"href":"https:\/\/www.pharmika.md\/ro\/wp-json\/wp\/v2\/product_brand?post=7244"},{"taxonomy":"product_cat","embeddable":true,"href":"https:\/\/www.pharmika.md\/ro\/wp-json\/wp\/v2\/product_cat?post=7244"},{"taxonomy":"product_tag","embeddable":true,"href":"https:\/\/www.pharmika.md\/ro\/wp-json\/wp\/v2\/product_tag?post=7244"}],"curies":[{"name":"wp","href":"https:\/\/api.w.org\/{rel}","templated":true}]}}