{"id":7228,"date":"2020-03-29T22:15:18","date_gmt":"2020-03-29T19:15:18","guid":{"rendered":"https:\/\/www.pharmika.md\/product\/lapte-cu-acizi-aha-8-%d1%80%d0%bd-3-5-250ml\/"},"modified":"2025-05-28T01:07:19","modified_gmt":"2025-05-27T22:07:19","slug":"lapte-cu-acizi-aha-8-%d1%80%d0%bd-3-5-8-%d1%80%d0%bd-3-5-250ml","status":"publish","type":"product","link":"https:\/\/www.pharmika.md\/ro\/produs\/lapte-cu-acizi-aha-8-%d1%80%d0%bd-3-5-8-%d1%80%d0%bd-3-5-250ml\/","title":{"rendered":"Lapte cu acizi AHA 8% \u0440\u041d 3.5, 250ml"},"content":{"rendered":"<p>[et_pb_section fb_built=&#8221;1&#8243; _builder_version=&#8221;4.16&#8243; custom_padding=&#8221;0px||||false|false&#8221; global_colors_info=&#8221;{}&#8221;][et_pb_row _builder_version=&#8221;4.16&#8243; background_size=&#8221;initial&#8221; background_position=&#8221;top_left&#8221; background_repeat=&#8221;repeat&#8221; width=&#8221;100%&#8221; custom_padding=&#8221;0px||0px||false|false&#8221; global_colors_info=&#8221;{}&#8221;][et_pb_column type=&#8221;4_4&#8243; _builder_version=&#8221;4.16&#8243; custom_padding=&#8221;|||&#8221; global_colors_info=&#8221;{}&#8221; custom_padding__hover=&#8221;|||&#8221;][et_pb_wc_breadcrumb _builder_version=&#8221;4.16&#8243; global_colors_info=&#8221;{}&#8221;][\/et_pb_wc_breadcrumb][et_pb_wc_cart_notice _builder_version=&#8221;4.16&#8243; global_colors_info=&#8221;{}&#8221;][\/et_pb_wc_cart_notice][\/et_pb_column][\/et_pb_row][et_pb_row column_structure=&#8221;1_2,1_2&#8243; _builder_version=&#8221;4.16&#8243; background_size=&#8221;initial&#8221; background_position=&#8221;top_left&#8221; background_repeat=&#8221;repeat&#8221; width=&#8221;100%&#8221; custom_padding=&#8221;0px||||false|false&#8221; global_colors_info=&#8221;{}&#8221;][et_pb_column type=&#8221;1_2&#8243; _builder_version=&#8221;4.16&#8243; custom_padding=&#8221;|||&#8221; global_colors_info=&#8221;{}&#8221; custom_padding__hover=&#8221;|||&#8221;][et_pb_wc_images _builder_version=&#8221;4.16&#8243; global_colors_info=&#8221;{}&#8221;][\/et_pb_wc_images][\/et_pb_column][et_pb_column type=&#8221;1_2&#8243; _builder_version=&#8221;4.16&#8243; custom_padding=&#8221;|||&#8221; global_colors_info=&#8221;{}&#8221; custom_padding__hover=&#8221;|||&#8221;][et_pb_wc_title _builder_version=&#8221;4.16&#8243; global_colors_info=&#8221;{}&#8221;][\/et_pb_wc_title][et_pb_wc_rating _builder_version=&#8221;4.16&#8243; global_colors_info=&#8221;{}&#8221;][\/et_pb_wc_rating][et_pb_wc_price _builder_version=&#8221;4.16&#8243; global_colors_info=&#8221;{}&#8221;][\/et_pb_wc_price][et_pb_wc_description _builder_version=&#8221;4.16&#8243; global_colors_info=&#8221;{}&#8221;][\/et_pb_wc_description][et_pb_wc_add_to_cart _builder_version=&#8221;4.16&#8243; global_colors_info=&#8221;{}&#8221;][\/et_pb_wc_add_to_cart][et_pb_wc_meta _builder_version=&#8221;4.16&#8243; global_colors_info=&#8221;{}&#8221;][\/et_pb_wc_meta][\/et_pb_column][\/et_pb_row][et_pb_row _builder_version=&#8221;4.16&#8243; background_size=&#8221;initial&#8221; background_position=&#8221;top_left&#8221; background_repeat=&#8221;repeat&#8221; width=&#8221;100%&#8221; global_colors_info=&#8221;{}&#8221;][et_pb_column type=&#8221;4_4&#8243; _builder_version=&#8221;4.16&#8243; custom_padding=&#8221;|||&#8221; global_colors_info=&#8221;{}&#8221; custom_padding__hover=&#8221;|||&#8221;][et_pb_wc_tabs _builder_version=&#8221;4.16&#8243; global_colors_info=&#8221;{}&#8221;]\t\t\t\t\t[\/et_pb_wc_tabs][et_pb_text _builder_version=&#8221;4.16&#8243; custom_margin=&#8221;60px||||false|false&#8221; global_colors_info=&#8221;{}&#8221;]<\/p>\n<h3>Recenzii<\/h3>\n<p>[\/et_pb_text][et_pb_testimonial _builder_version=&#8221;4.16&#8243; global_colors_info=&#8221;{}&#8221;]Fii primul care \u00ee\u0219i spune p\u0103rerea&#8230;[\/et_pb_testimonial][et_pb_button button_text=&#8221;Las\u0103 o recenzie&#8221; module_class=&#8221;ps-cs-otzyv&#8221; _builder_version=&#8221;4.16&#8243; global_colors_info=&#8221;{}&#8221;][\/et_pb_button][\/et_pb_column][\/et_pb_row][et_pb_row _builder_version=&#8221;4.16&#8243; background_size=&#8221;initial&#8221; background_position=&#8221;top_left&#8221; background_repeat=&#8221;repeat&#8221; width=&#8221;100%&#8221; global_colors_info=&#8221;{}&#8221;][et_pb_column type=&#8221;4_4&#8243; _builder_version=&#8221;4.16&#8243; custom_padding=&#8221;|||&#8221; global_colors_info=&#8221;{}&#8221; custom_padding__hover=&#8221;|||&#8221;][et_pb_wc_upsells _builder_version=&#8221;4.16&#8243; global_colors_info=&#8221;{}&#8221;][\/et_pb_wc_upsells][\/et_pb_column][\/et_pb_row][\/et_pb_section]<\/p>\n","protected":false},"excerpt":{"rendered":"<h2>Milk AHA 8% \u0440\u041d 3.5, 250ml<\/h2>\n","protected":false},"featured_media":8524,"template":"","meta":{"_et_pb_use_builder":"on","_et_pb_old_content":"<strong>Ac\u021biuni principale:<\/strong>\r\n<ul>\r\n \t<li><strong>Cur\u0103\u021bare \u0219i revigorare:<\/strong>\u00a0Cur\u0103\u021b\u0103 eficient pielea, \u00eendep\u0103rt\u00e2nd impurit\u0103\u021bile \u0219i l\u0103s\u00e2nd-o proasp\u0103t\u0103.<\/li>\r\n \t<li><strong>Demachiere:<\/strong>\u00a0\u00cendep\u0103rteaz\u0103 delicat \u0219i eficient machiajul f\u0103r\u0103 a usca pielea.<\/li>\r\n \t<li><strong>Eliminarea punctelor negre \u0219i a comedoanelor:<\/strong>\u00a0Ajut\u0103 la sc\u0103derea punctelor negre \u0219i a comedoanelor prin desfundarea porilor \u0219i prevenirea \u00eenfund\u0103rii acestora.<\/li>\r\n \t<li><strong>Preg\u0103tirea \u00eenainte de peeling:<\/strong>\u00a0Se recomand\u0103 utilizarea \u00eenainte de peeling pentru a preg\u0103ti pielea \u0219i a cre\u0219te eficacitatea procedurilor ulterioare.<\/li>\r\n<\/ul>\r\n<strong>Rezultat:<\/strong>\u00a0Piele curat\u0103, hidratat\u0103 \u0219i re\u00eemprosp\u0103tat\u0103, f\u0103r\u0103 poluare, puncte negre \u0219i textur\u0103 \u00eembun\u0103t\u0103\u021bit\u0103.\r\n\r\n<strong>Caracteristici:<\/strong>\r\n<ul>\r\n \t<li>Ambalare: flacon cu dozator convenabil pentru utilizare precis\u0103 \u0219i convenabil\u0103.<\/li>\r\n<\/ul>\r\n<strong>Formular de eliberare:<\/strong>\r\n250 ml \u2013 flacon.","_et_gb_content_width":""},"product_brand":[],"product_cat":[178,180,212,219],"product_tag":[],"class_list":{"0":"post-7228","1":"product","2":"type-product","3":"status-publish","4":"has-post-thumbnail","6":"product_cat-ingrijirea-faciala-produse-pentru-curatare-tonice","7":"product_cat-ten-gras","8":"product_cat-seria-cu-acide-pha-bha-aha","9":"product_cat-ten-problematic-stop-acne","11":"first","12":"instock","13":"shipping-taxable","14":"purchasable","15":"product-type-simple"},"_links":{"self":[{"href":"https:\/\/www.pharmika.md\/ro\/wp-json\/wp\/v2\/product\/7228","targetHints":{"allow":["GET"]}}],"collection":[{"href":"https:\/\/www.pharmika.md\/ro\/wp-json\/wp\/v2\/product"}],"about":[{"href":"https:\/\/www.pharmika.md\/ro\/wp-json\/wp\/v2\/types\/product"}],"wp:featuredmedia":[{"embeddable":true,"href":"https:\/\/www.pharmika.md\/ro\/wp-json\/wp\/v2\/media\/8524"}],"wp:attachment":[{"href":"https:\/\/www.pharmika.md\/ro\/wp-json\/wp\/v2\/media?parent=7228"}],"wp:term":[{"taxonomy":"product_brand","embeddable":true,"href":"https:\/\/www.pharmika.md\/ro\/wp-json\/wp\/v2\/product_brand?post=7228"},{"taxonomy":"product_cat","embeddable":true,"href":"https:\/\/www.pharmika.md\/ro\/wp-json\/wp\/v2\/product_cat?post=7228"},{"taxonomy":"product_tag","embeddable":true,"href":"https:\/\/www.pharmika.md\/ro\/wp-json\/wp\/v2\/product_tag?post=7228"}],"curies":[{"name":"wp","href":"https:\/\/api.w.org\/{rel}","templated":true}]}}