{"id":7112,"date":"2023-02-02T00:56:00","date_gmt":"2023-02-01T21:56:00","guid":{"rendered":"https:\/\/www.pharmika.md\/product\/set-sistem-botox\/"},"modified":"2023-02-02T00:56:03","modified_gmt":"2023-02-01T21:56:03","slug":"set-sistem-botox","status":"publish","type":"product","link":"https:\/\/www.pharmika.md\/ro\/produs\/set-sistem-botox\/","title":{"rendered":"Set SISTEM BOTOX"},"content":{"rendered":"<p>[et_pb_section fb_built=&#8221;1&#8243; _builder_version=&#8221;4.16&#8243; custom_padding=&#8221;0px||||false|false&#8221; global_colors_info=&#8221;{}&#8221;][et_pb_row _builder_version=&#8221;4.16&#8243; background_size=&#8221;initial&#8221; background_position=&#8221;top_left&#8221; background_repeat=&#8221;repeat&#8221; width=&#8221;100%&#8221; custom_padding=&#8221;0px||0px||false|false&#8221; global_colors_info=&#8221;{}&#8221;][et_pb_column type=&#8221;4_4&#8243; _builder_version=&#8221;4.16&#8243; custom_padding=&#8221;|||&#8221; global_colors_info=&#8221;{}&#8221; custom_padding__hover=&#8221;|||&#8221;][et_pb_wc_breadcrumb _builder_version=&#8221;4.16&#8243; global_colors_info=&#8221;{}&#8221;][\/et_pb_wc_breadcrumb][et_pb_wc_cart_notice _builder_version=&#8221;4.16&#8243; global_colors_info=&#8221;{}&#8221;][\/et_pb_wc_cart_notice][\/et_pb_column][\/et_pb_row][et_pb_row column_structure=&#8221;1_2,1_2&#8243; _builder_version=&#8221;4.16&#8243; background_size=&#8221;initial&#8221; background_position=&#8221;top_left&#8221; background_repeat=&#8221;repeat&#8221; width=&#8221;100%&#8221; custom_padding=&#8221;0px||||false|false&#8221; global_colors_info=&#8221;{}&#8221;][et_pb_column type=&#8221;1_2&#8243; _builder_version=&#8221;4.16&#8243; custom_padding=&#8221;|||&#8221; global_colors_info=&#8221;{}&#8221; custom_padding__hover=&#8221;|||&#8221;][et_pb_wc_images _builder_version=&#8221;4.16&#8243; global_colors_info=&#8221;{}&#8221;][\/et_pb_wc_images][\/et_pb_column][et_pb_column type=&#8221;1_2&#8243; _builder_version=&#8221;4.16&#8243; custom_padding=&#8221;|||&#8221; global_colors_info=&#8221;{}&#8221; custom_padding__hover=&#8221;|||&#8221;][et_pb_wc_title _builder_version=&#8221;4.16&#8243; global_colors_info=&#8221;{}&#8221;][\/et_pb_wc_title][et_pb_wc_rating _builder_version=&#8221;4.16&#8243; global_colors_info=&#8221;{}&#8221;][\/et_pb_wc_rating][et_pb_wc_price _builder_version=&#8221;4.16&#8243; global_colors_info=&#8221;{}&#8221;][\/et_pb_wc_price][et_pb_wc_description _builder_version=&#8221;4.16&#8243; global_colors_info=&#8221;{}&#8221;][\/et_pb_wc_description][et_pb_wc_add_to_cart _builder_version=&#8221;4.16&#8243; global_colors_info=&#8221;{}&#8221;][\/et_pb_wc_add_to_cart][et_pb_wc_meta _builder_version=&#8221;4.16&#8243; global_colors_info=&#8221;{}&#8221;][\/et_pb_wc_meta][\/et_pb_column][\/et_pb_row][et_pb_row _builder_version=&#8221;4.16&#8243; background_size=&#8221;initial&#8221; background_position=&#8221;top_left&#8221; background_repeat=&#8221;repeat&#8221; width=&#8221;100%&#8221; global_colors_info=&#8221;{}&#8221;][et_pb_column type=&#8221;4_4&#8243; _builder_version=&#8221;4.16&#8243; custom_padding=&#8221;|||&#8221; global_colors_info=&#8221;{}&#8221; custom_padding__hover=&#8221;|||&#8221;][et_pb_wc_tabs _builder_version=&#8221;4.16&#8243; global_colors_info=&#8221;{}&#8221;]\t\t\t\t\t[\/et_pb_wc_tabs][et_pb_text _builder_version=&#8221;4.16&#8243; custom_margin=&#8221;60px||||false|false&#8221; global_colors_info=&#8221;{}&#8221;]<\/p>\n<h3>RECENZII<\/h3>\n<p>[\/et_pb_text][et_pb_testimonial _builder_version=&#8221;4.16&#8243; global_colors_info=&#8221;{}&#8221;]Fii primul care \u00ee\u0219i spune p\u0103rerea&#8230;[\/et_pb_testimonial][et_pb_button button_text=&#8221;Ofer\u0103 feedback&#8221; module_class=&#8221;ps-cs-otzyv&#8221; _builder_version=&#8221;4.16&#8243; global_colors_info=&#8221;{}&#8221;][\/et_pb_button][\/et_pb_column][\/et_pb_row][et_pb_row _builder_version=&#8221;4.16&#8243; background_size=&#8221;initial&#8221; background_position=&#8221;top_left&#8221; background_repeat=&#8221;repeat&#8221; width=&#8221;100%&#8221; global_colors_info=&#8221;{}&#8221;][et_pb_column type=&#8221;4_4&#8243; _builder_version=&#8221;4.16&#8243; custom_padding=&#8221;|||&#8221; global_colors_info=&#8221;{}&#8221; custom_padding__hover=&#8221;|||&#8221;][et_pb_wc_upsells _builder_version=&#8221;4.16&#8243; global_colors_info=&#8221;{}&#8221;][\/et_pb_wc_upsells][\/et_pb_column][\/et_pb_row][\/et_pb_section]<\/p>\n","protected":false},"excerpt":{"rendered":"<p>RECENZIIFii primul care \u00ee\u0219i spune p\u0103rerea&#8230;<\/p>\n","protected":false},"featured_media":6954,"template":"","meta":{"_et_pb_use_builder":"on","_et_pb_old_content":"Achizi\u021bion\u00e2nd \u00eentregul complex de preparate BOTOX SYSTEM, ob\u021bine\u021bi o reducere de 15%!\n\nComplexul include:\n1) <a href=\"https:\/\/www.pharmika.md\/ru\/product\/%d0%b0%d0%ba%d1%82%d0%b8%d0%b2%d0%b0%d1%82%d0%be%d1%80-%d0%b4%d0%bb%d1%8f-%d0%bf%d1%80%d0%be%d1%86%d0%b5%d0%b4%d1%83%d1%80%d1%8b-%d0%b1%d0%be%d1%82%d0%be%d0%ba%d1%81%d0%b0-%d0%b4%d0%bb%d1%8f-%d0%b2\/\"><strong>Activator de p\u0103r Botox, 250 ml<\/strong><\/a>\n2) <a href=\"https:\/\/www.pharmika.md\/ru\/product\/%d1%88%d0%b0%d0%bc%d0%bf%d1%83%d0%bd%d1%8c-%d0%bf%d1%80%d0%be%d1%84%d0%b5%d1%81%d1%81%d0%b8%d0%be%d0%bd%d0%b0%d0%bb%d1%8c%d0%bd%d1%8b%d0%b9-%d0%b3%d0%bb%d1%83%d0%b1%d0%be%d0%ba%d0%be%d0%b3%d0%be\/\"><strong>\u0218ampon profesional pentru cur\u0103\u021bare profund\u0103 a p\u0103rului, 500 ml<\/strong><\/a>\n3) <a href=\"https:\/\/www.pharmika.md\/ru\/product\/%d0%b1%d0%be%d1%82%d0%be%d0%ba%d1%81-%d0%b4%d0%bb%d1%8f-%d0%b2%d0%be%d0%bb%d0%be%d1%81-500%d0%bc%d0%bb\/\"><strong>Botox pentru p\u0103r, 500 ml<\/strong><\/a>\n4) <a href=\"https:\/\/www.pharmika.md\/ru\/product\/%d0%bc%d0%b0%d1%81%d0%ba%d0%b0-%d0%bf%d1%80%d0%be%d1%82%d0%b5%d0%b8%d0%bd%d0%be%d0%b2%d0%b0%d1%8f-%d0%b4%d0%bb%d1%8f-%d1%83%d0%ba%d1%80%d0%b5%d0%bf%d0%bb%d0%b5%d0%bd%d0%b8%d1%8f-%d0%b2%d0%bd%d0%b5\/\"><strong>Masc\u0103 de proteine pentru \u00eent\u0103rirea structurii exterioare a p\u0103rului, 500ml<\/strong><\/a>","_et_gb_content_width":""},"product_brand":[],"product_cat":[177],"product_tag":[],"class_list":{"0":"post-7112","1":"product","2":"type-product","3":"status-publish","4":"has-post-thumbnail","6":"product_cat-botox-system-ro","8":"first","9":"instock","10":"sale","11":"shipping-taxable","12":"purchasable","13":"product-type-simple"},"_links":{"self":[{"href":"https:\/\/www.pharmika.md\/ro\/wp-json\/wp\/v2\/product\/7112","targetHints":{"allow":["GET"]}}],"collection":[{"href":"https:\/\/www.pharmika.md\/ro\/wp-json\/wp\/v2\/product"}],"about":[{"href":"https:\/\/www.pharmika.md\/ro\/wp-json\/wp\/v2\/types\/product"}],"wp:featuredmedia":[{"embeddable":true,"href":"https:\/\/www.pharmika.md\/ro\/wp-json\/wp\/v2\/media\/6954"}],"wp:attachment":[{"href":"https:\/\/www.pharmika.md\/ro\/wp-json\/wp\/v2\/media?parent=7112"}],"wp:term":[{"taxonomy":"product_brand","embeddable":true,"href":"https:\/\/www.pharmika.md\/ro\/wp-json\/wp\/v2\/product_brand?post=7112"},{"taxonomy":"product_cat","embeddable":true,"href":"https:\/\/www.pharmika.md\/ro\/wp-json\/wp\/v2\/product_cat?post=7112"},{"taxonomy":"product_tag","embeddable":true,"href":"https:\/\/www.pharmika.md\/ro\/wp-json\/wp\/v2\/product_tag?post=7112"}],"curies":[{"name":"wp","href":"https:\/\/api.w.org\/{rel}","templated":true}]}}