{"id":9108,"date":"2025-09-18T20:29:19","date_gmt":"2025-09-18T17:29:19","guid":{"rendered":"https:\/\/www.pharmika.md\/bio-linie-cu-fitoextracte\/"},"modified":"2025-09-18T20:29:22","modified_gmt":"2025-09-18T17:29:22","slug":"bio-linie-cu-fitoextracte","status":"publish","type":"page","link":"https:\/\/www.pharmika.md\/ro\/bio-linie-cu-fitoextracte\/","title":{"rendered":"Bio-linie cu fitoextracte"},"content":{"rendered":"<p>[et_pb_section fb_built=&#8221;1&#8243; custom_padding_last_edited=&#8221;on|tablet&#8221; disabled_on=&#8221;off|off|off&#8221; admin_label=&#8221;Hero&#8221; _builder_version=&#8221;4.27.4&#8243; background_image=&#8221;https:\/\/www.pharmika.md\/wp-content\/uploads\/2025\/09\/bio-line.jpeg-1711474864.jpeg&#8221; custom_padding=&#8221;110px|0px|160px|0px|false|false&#8221; custom_padding_tablet=&#8221;50px||50px||true&#8221; custom_padding_phone=&#8221;|||&#8221; bottom_divider_height=&#8221;50px&#8221; bottom_divider_flip=&#8221;horizontal&#8221; background_last_edited=&#8221;on|phone&#8221; background_enable_color_phone=&#8221;off&#8221; use_background_color_gradient_phone=&#8221;on&#8221; background_color_gradient_stops_phone=&#8221;rgba(209,230,251,0.6) 45%|rgba(209,230,251,0.6) 45%&#8221; background_color_gradient_start_phone=&#8221;rgba(209,230,251,0.6)&#8221; background_color_gradient_start_position_phone=&#8221;45%&#8221; background_color_gradient_end_phone=&#8221;rgba(209,230,251,0.6)&#8221; background_color_gradient_end_position_phone=&#8221;45%&#8221; background_image_phone=&#8221;https:\/\/www.pharmika.md\/wp-content\/uploads\/2024\/10\/DSC_3258.jpeg-1720998772.jpeg&#8221; background_enable_image_phone=&#8221;on&#8221; locked=&#8221;off&#8221; global_colors_info=&#8221;{}&#8221; custom_css_main_element_last_edited=&#8221;on|phone&#8221;][et_pb_row column_structure=&#8221;2_5,3_5&#8243; _builder_version=&#8221;4.16&#8243; custom_width_px=&#8221;1280px&#8221; global_colors_info=&#8221;{}&#8221;][et_pb_column type=&#8221;2_5&#8243; _builder_version=&#8221;4.16&#8243; custom_padding=&#8221;|||&#8221; global_colors_info=&#8221;{}&#8221; custom_padding__hover=&#8221;|||&#8221;][et_pb_text _builder_version=&#8221;4.27.4&#8243; text_font=&#8221;Montserrat||||||||&#8221; text_text_color=&#8221;#000000&#8243; text_font_size=&#8221;20px&#8221; text_line_height=&#8221;1.8em&#8221; header_font=&#8221;Montserrat|700|||||||&#8221; header_text_color=&#8221;#000000&#8243; header_font_size=&#8221;44px&#8221; header_line_height=&#8221;1.4em&#8221; header_2_font=&#8221;|||on|||||&#8221; header_2_text_color=&#8221;#000000&#8243; header_6_font=&#8221;Montserrat|600||on|||||&#8221; header_6_text_color=&#8221;#000000&#8243; header_6_font_size=&#8221;16px&#8221; header_6_letter_spacing=&#8221;2px&#8221; header_6_line_height=&#8221;1.5em&#8221; background_enable_color=&#8221;off&#8221; text_orientation=&#8221;center&#8221; background_layout=&#8221;dark&#8221; custom_margin=&#8221;|auto||auto|false|false&#8221; text_font_size_tablet=&#8221;&#8221; text_font_size_phone=&#8221;15px&#8221; text_font_size_last_edited=&#8221;on|phone&#8221; header_text_align_tablet=&#8221;&#8221; header_text_align_phone=&#8221;&#8221; header_text_align_last_edited=&#8221;on|phone&#8221; header_font_size_tablet=&#8221;&#8221; header_font_size_phone=&#8221;28px&#8221; header_font_size_last_edited=&#8221;on|phone&#8221; text_orientation_tablet=&#8221;&#8221; text_orientation_phone=&#8221;center&#8221; text_orientation_last_edited=&#8221;on|phone&#8221; module_alignment_tablet=&#8221;&#8221; module_alignment_phone=&#8221;center&#8221; module_alignment_last_edited=&#8221;on|phone&#8221; global_colors_info=&#8221;{}&#8221;]<\/p>\n<p><img loading=\"lazy\" decoding=\"async\" src=\"https:\/\/www.pharmika.md\/wp-content\/uploads\/2025\/09\/logo-bio-640x224.png\" width=\"540\" height=\"189\" alt=\"\" class=\"wp-image-9087 alignnone size-medium\" style=\"display: block; margin-left: auto; margin-right: auto;\" srcset=\"https:\/\/www.pharmika.md\/wp-content\/uploads\/2025\/09\/logo-bio-640x224.png 540w, https:\/\/www.pharmika.md\/wp-content\/uploads\/2025\/09\/logo-bio-480x168.png 480w\" sizes=\"(min-width: 0px) and (max-width: 480px) 480px, (min-width: 481px) 540px, 100vw\" \/><\/p>\n<p>[\/et_pb_text][et_pb_text _builder_version=&#8221;4.27.4&#8243; text_font=&#8221;Montserrat||||||||&#8221; text_text_color=&#8221;rgba(255,255,255,0.7)&#8221; text_font_size=&#8221;20px&#8221; text_line_height=&#8221;1.8em&#8221; header_font=&#8221;Montserrat|700|||||||&#8221; header_text_align=&#8221;center&#8221; header_text_color=&#8221;#000000&#8243; header_font_size=&#8221;44px&#8221; header_line_height=&#8221;1.4em&#8221; header_2_font=&#8221;|||on|||||&#8221; header_2_text_color=&#8221;#000000&#8243; header_6_font=&#8221;Montserrat|600||on|||||&#8221; header_6_text_color=&#8221;#000000&#8243; header_6_font_size=&#8221;16px&#8221; header_6_letter_spacing=&#8221;2px&#8221; header_6_line_height=&#8221;1.5em&#8221; text_orientation=&#8221;center&#8221; background_layout=&#8221;dark&#8221; text_font_size_tablet=&#8221;&#8221; text_font_size_phone=&#8221;15px&#8221; text_font_size_last_edited=&#8221;on|phone&#8221; header_font_size_tablet=&#8221;&#8221; header_font_size_phone=&#8221;28px&#8221; header_font_size_last_edited=&#8221;on|phone&#8221; header_2_text_align_tablet=&#8221;&#8221; header_2_text_align_phone=&#8221;center&#8221; header_2_text_align_last_edited=&#8221;on|phone&#8221; module_alignment_tablet=&#8221;&#8221; module_alignment_phone=&#8221;center&#8221; module_alignment_last_edited=&#8221;on|phone&#8221; global_colors_info=&#8221;{}&#8221;]<\/p>\n<h2 style=\"text-align: center;\">Bio-linie cu fitoextracte<\/h2>\n<p>[\/et_pb_text][et_pb_button button_text=&#8221;Ob\u021bine\u021bi pre\u021b&#8221; button_alignment=&#8221;center&#8221; button_alignment_tablet=&#8221;&#8221; button_alignment_phone=&#8221;center&#8221; button_alignment_last_edited=&#8221;on|phone&#8221; module_class=&#8221;ps-cs-cb-invoke&#8221; _builder_version=&#8221;4.16&#8243; button_border_radius_hover=&#8221;100px&#8221; button_bg_color_hover=&#8221;#ff6b86&#8243; global_colors_info=&#8221;{}&#8221; button_one_text_size__hover_enabled=&#8221;off&#8221; button_two_text_size__hover_enabled=&#8221;off&#8221; button_one_text_color__hover_enabled=&#8221;off&#8221; button_two_text_color__hover_enabled=&#8221;off&#8221; button_one_border_width__hover_enabled=&#8221;off&#8221; button_two_border_width__hover_enabled=&#8221;off&#8221; button_one_border_color__hover_enabled=&#8221;off&#8221; button_two_border_color__hover_enabled=&#8221;off&#8221; button_one_border_radius__hover_enabled=&#8221;off&#8221; button_two_border_radius__hover_enabled=&#8221;off&#8221; button_one_letter_spacing__hover_enabled=&#8221;off&#8221; button_two_letter_spacing__hover_enabled=&#8221;off&#8221; button_one_bg_color__hover_enabled=&#8221;off&#8221; button_two_bg_color__hover_enabled=&#8221;off&#8221; button_bg_color__hover_enabled=&#8221;off|desktop&#8221;][\/et_pb_button][\/et_pb_column][et_pb_column type=&#8221;3_5&#8243; _builder_version=&#8221;4.16&#8243; custom_padding=&#8221;|||&#8221; global_colors_info=&#8221;{}&#8221; custom_padding__hover=&#8221;|||&#8221;][\/et_pb_column][\/et_pb_row][\/et_pb_section][et_pb_section fb_built=&#8221;1&#8243; admin_label=&#8221;Shop&#8221; _builder_version=&#8221;4.27.4&#8243; background_image=&#8221;https:\/\/www.pharmika.md\/wp-content\/uploads\/2025\/09\/bio-line-2-2.jpeg-1711642220.jpeg&#8221; parallax=&#8221;on&#8221; parallax_method=&#8221;off&#8221; top_divider_color=&#8221;rgba(255,255,255,0.6)&#8221; top_divider_height=&#8221;800px&#8221; top_divider_repeat=&#8221;2x&#8221; bottom_divider_color=&#8221;rgba(255,255,255,0.61)&#8221; bottom_divider_height=&#8221;600px&#8221; bottom_divider_repeat=&#8221;2x&#8221; locked=&#8221;off&#8221; global_colors_info=&#8221;{}&#8221;][et_pb_row _builder_version=&#8221;4.16&#8243; global_colors_info=&#8221;{}&#8221;][et_pb_column type=&#8221;4_4&#8243; _builder_version=&#8221;4.16&#8243; custom_padding=&#8221;|||&#8221; global_colors_info=&#8221;{}&#8221; custom_padding__hover=&#8221;|||&#8221;][et_pb_text _builder_version=&#8221;4.27.4&#8243; text_font=&#8221;Cormorant Garamond||||||||&#8221; text_font_size=&#8221;20px&#8221; text_line_height=&#8221;1.8em&#8221; link_font=&#8221;||||||||&#8221; ul_font=&#8221;||||||||&#8221; header_font=&#8221;||||||||&#8221; header_2_font=&#8221;||||||||&#8221; header_3_font=&#8221;||||||||&#8221; header_3_font_size=&#8221;45px&#8221; header_3_line_height=&#8221;1.5em&#8221; header_4_font=&#8221;||||||||&#8221; header_5_font=&#8221;Poppins|700||on|||||&#8221; header_5_text_color=&#8221;#ecd5c5&#8243; header_5_letter_spacing=&#8221;15px&#8221; header_5_line_height=&#8221;1.8em&#8221; text_orientation=&#8221;center&#8221; max_width_tablet=&#8221;100%&#8221; max_width_phone=&#8221;100%&#8221; max_width_last_edited=&#8221;off|desktop&#8221; module_alignment=&#8221;right&#8221; locked=&#8221;off&#8221; global_colors_info=&#8221;{}&#8221;]<\/p>\n<p><img loading=\"lazy\" decoding=\"async\" src=\"https:\/\/www.pharmika.md\/wp-content\/uploads\/2025\/09\/logo-bio-640x224.png\" width=\"225\" height=\"79\" alt=\"\" class=\"wp-image-9087 alignnone size-medium\"><\/p>\n<p>[\/et_pb_text][\/et_pb_column][\/et_pb_row][et_pb_row _builder_version=&#8221;4.16&#8243; custom_width_px=&#8221;1280px&#8221; global_colors_info=&#8221;{}&#8221;][et_pb_column type=&#8221;4_4&#8243; _builder_version=&#8221;4.16&#8243; custom_padding=&#8221;|||&#8221; global_colors_info=&#8221;{}&#8221; custom_padding__hover=&#8221;|||&#8221;][et_pb_shop type=&#8221;product_category&#8221; include_categories=&#8221;243&#8243; _builder_version=&#8221;4.27.4&#8243; global_colors_info=&#8221;{}&#8221;][\/et_pb_shop][\/et_pb_column][\/et_pb_row][\/et_pb_section][et_pb_section fb_built=&#8221;1&#8243; admin_label=&#8221;Shop&#8221; _builder_version=&#8221;4.27.4&#8243; background_image=&#8221;https:\/\/www.pharmika.md\/wp-content\/uploads\/2025\/09\/bio-line-2-2.jpeg-1711642220.jpeg&#8221; parallax=&#8221;on&#8221; parallax_method=&#8221;off&#8221; top_divider_color=&#8221;rgba(255,255,255,0.6)&#8221; top_divider_height=&#8221;800px&#8221; top_divider_repeat=&#8221;2x&#8221; bottom_divider_color=&#8221;rgba(255,255,255,0.61)&#8221; bottom_divider_height=&#8221;600px&#8221; bottom_divider_repeat=&#8221;2x&#8221; locked=&#8221;off&#8221; global_colors_info=&#8221;{}&#8221;][et_pb_row _builder_version=&#8221;4.27.4&#8243; _module_preset=&#8221;default&#8221;][et_pb_column _builder_version=&#8221;4.27.4&#8243; _module_preset=&#8221;default&#8221; type=&#8221;4_4&#8243;][et_pb_text _builder_version=&#8221;4.27.4&#8243; _module_preset=&#8221;default&#8221; hover_enabled=&#8221;0&#8243; sticky_enabled=&#8221;0&#8243; text_text_color=&#8221;#000000&#8243; text_font_size=&#8221;15px&#8221;]<\/p>\n<p>Oamenii de \u0219tiin\u021b\u0103 moderni sunt capabili s\u0103 sintetizeze practic orice produse. \u0218i, de\u0219i acest lucru treze\u0219te admira\u021bie fa\u021b\u0103 de realiz\u0103rile \u0219tiin\u021bifice, tot mai mul\u021bi oameni au \u00eenceput s\u0103 se g\u00e2ndeasc\u0103 la beneficiile unei astfel de produc\u021bii. Acum, atrac\u021bia pentru tot ceea ce este natural, oferit de natur\u0103, a devenit o tendin\u021b\u0103 mondial\u0103. Aceasta a cuprins numeroase ramuri ale produc\u021biei \u0219i ale vie\u021bii de zi cu zi. Nici industria de beauty nu a fost ocolit\u0103. TM pHarmika este mereu conectat\u0103 la starea de spirit a consumatorilor \u0219i are pl\u0103cerea s\u0103 prezinte o linie complet nou\u0103 de cosmetice Bio.     <\/p>\n<p>Produsele care fac parte din aceast\u0103 linie sunt bazate pe componente naturale \u0219i ecologice. Ele nu con\u021bin niciun ingredient de origine animal\u0103. Fiecare produs din bio-linia TM pHarmika con\u021bine minimum 70% extracte naturale \u0219i uleiuri vegetale. Aceasta este baza \u0219i principala \u201ecaracteristic\u0103\u201d a noii linii. Chiar \u0219i notele parfumate sunt menite s\u0103 creeze dispozi\u021bie \u0219i s\u0103 ofere emo\u021bii pl\u0103cute \u00een timpul utiliz\u0103rii cosmeticelor noastre, fiind bazate pe uleiuri naturale \u0219i compozi\u021bii aromatice din plante.    <\/p>\n<p>Fiecare component activ asigur\u0103 o \u00eengrijire delicat\u0103 a pielii, oferind hidratare, nutri\u021bie, regenerare, men\u021bin\u00e2nd tinere\u021bea s\u0103n\u0103toas\u0103 \u0219i ajut\u00e2nd la combaterea factorilor de stres. Extractele de aloe \u0219i flori de trandafir, ginseng \u0219i ceai verde, uleiurile de macadamia \u0219i c\u0103tin\u0103, s\u00e2mburi de struguri \u0219i piersici \u2013 reprezint\u0103 doar o parte din magia ascuns\u0103 \u00een fiecare flacon al produselor Bio-liniei de la pHarmika. <\/p>\n<p>Orice client va g\u0103si beneficii \u0219i frumuse\u021be \u00een noua gam\u0103 de cosmetice, fiind apreciat\u0103 \u00een special de tinerele femei \u0219i de persoanele cu pielea sensibil\u0103, predispus\u0103 la reac\u021bii alergice. De asemenea, aceast\u0103 linie nu are contraindica\u021bii pentru femeile \u00eens\u0103rcinate \u0219i mamele care al\u0103pteaz\u0103. Bio-linia se remarc\u0103 prin gradul ridicat de hipoalergenicitate, sus\u021binut de componente naturale.  <\/p>\n<p>Cump\u0103r\u00e2nd noile produse de la TM pHarmika, nu alege\u021bi doar o cosmetic\u0103 de calitate \u0219i eficient\u0103, ci alege\u021bi un stil de via\u021b\u0103. Dac\u0103 aprecia\u021bi naturale\u021bea, respecta\u021bi ecologia \u0219i urma\u021bi valorile vegane, atunci produsele bio-liniei vor deveni prieteni buni pentru dumneavoastr\u0103. Ele v\u0103 vor ajuta s\u0103 v\u0103 manifesta\u021bi individualitatea chiar \u0219i \u00een crearea propriei atmosfere personale. Fiecare ambalaj este o mic\u0103 oper\u0103 de art\u0103. Designerii no\u0219tri au reprodus cu grij\u0103 \u00een el motivele picturii Petrykivka \u2013 art\u0103 decorativ-ornamental\u0103 popular\u0103, parte a patrimoniului cultural imaterial al umanit\u0103\u021bii UNESCO. Fiecare flacon va deveni o podoab\u0103 \u0219i punctul de atrac\u021bie al oric\u0103rei etajere de parfumerie.     <\/p>\n<p>Nu ezita\u021bi, noua linie Bio de la TM pHarmika v\u0103 a\u0219teapt\u0103.[\/et_pb_text][\/et_pb_column][\/et_pb_row][\/et_pb_section][et_pb_section fb_built=&#8221;1&#8243; custom_padding_last_edited=&#8221;on|tablet&#8221; admin_label=&#8221;Live Chat&#8221; _builder_version=&#8221;4.16&#8243; use_background_color_gradient=&#8221;on&#8221; background_color_gradient_direction=&#8221;55deg&#8221; background_color_gradient_stops=&#8221;#edeffa 45%|rgba(237,239,250,0.38) 55%&#8221; background_color_gradient_overlays_image=&#8221;on&#8221; background_color_gradient_start=&#8221;#edeffa&#8221; background_color_gradient_start_position=&#8221;45%&#8221; background_color_gradient_end=&#8221;rgba(237,239,250,0.38)&#8221; background_color_gradient_end_position=&#8221;55%&#8221; background_image=&#8221;https:\/\/www.pharmika.md\/wp-content\/uploads\/2021\/06\/DSCF5424-2.jpeg&#8221; background_size=&#8221;initial&#8221; background_position=&#8221;center_right&#8221; module_alignment=&#8221;right&#8221; custom_margin=&#8221;|||&#8221; custom_margin_tablet=&#8221;|0%||0%&#8221; custom_margin_last_edited=&#8221;off|desktop&#8221; custom_padding=&#8221;0px|0px|0|0px|false|false&#8221; custom_padding_tablet=&#8221;|||&#8221; custom_padding_phone=&#8221;&#8221; top_divider_arrangement=&#8221;above_content&#8221; top_divider_height_tablet=&#8221;90px&#8221; top_divider_height_phone=&#8221;90px&#8221; bottom_divider_color=&#8221;#ffffff&#8221; bottom_divider_height=&#8221;100%&#8221; bottom_divider_repeat=&#8221;0.6x&#8221; bottom_divider_flip=&#8221;horizontal&#8221; bottom_divider_arrangement=&#8221;above_content&#8221; bottom_divider_height_tablet=&#8221;90px&#8221; bottom_divider_height_phone=&#8221;90px&#8221; bottom_divider_height_last_edited=&#8221;on|phone&#8221; background_last_edited=&#8221;on|phone&#8221; background_color_gradient_type_phone=&#8221;linear&#8221; background_color_gradient_direction_phone=&#8221;8deg&#8221; background_color_gradient_stops_phone=&#8221;#edeffa 50%|rgba(237,239,250,0.38) 70%&#8221; background_color_gradient_start_position_phone=&#8221;50%&#8221; background_color_gradient_end_position_phone=&#8221;70%&#8221; background_image_phone=&#8221;https:\/\/www.pharmika.md\/wp-content\/uploads\/2021\/06\/DSCF5424-mobile-1.jpeg-1622720173.jpeg&#8221; background_enable_image_phone=&#8221;on&#8221; background_size_phone=&#8221;initial&#8221; background_position_phone=&#8221;center&#8221; locked=&#8221;off&#8221; global_colors_info=&#8221;{}&#8221;][et_pb_row column_structure=&#8221;1_2,1_2&#8243; make_equal=&#8221;on&#8221; custom_padding_last_edited=&#8221;on|desktop&#8221; _builder_version=&#8221;4.16&#8243; max_width=&#8221;100%&#8221; module_alignment=&#8221;center&#8221; custom_margin=&#8221;|||0%&#8221; custom_margin_tablet=&#8221;|||&#8221; custom_margin_last_edited=&#8221;off|desktop&#8221; custom_padding=&#8221;0|20%|0|0px|false|false&#8221; custom_padding_tablet=&#8221;|0%||&#8221; custom_padding_phone=&#8221;&#8221; use_custom_width=&#8221;on&#8221; width_unit=&#8221;off&#8221; custom_width_percent=&#8221;100%&#8221; global_colors_info=&#8221;{}&#8221;][et_pb_column type=&#8221;1_2&#8243; _builder_version=&#8221;4.16&#8243; custom_padding=&#8221;100px||20%|&#8221; custom_padding_tablet=&#8221;|10%||10%&#8221; custom_padding_phone=&#8221;&#8221; custom_padding_last_edited=&#8221;on|desktop&#8221; global_colors_info=&#8221;{}&#8221; padding_tablet=&#8221;|10%||10%&#8221; padding_last_edited=&#8221;on|desktop&#8221; custom_padding__hover=&#8221;|||&#8221; padding_phone=&#8221;|10%||10%&#8221;][et_pb_text _builder_version=&#8221;4.16&#8243; text_font=&#8221;Montserrat||||||||&#8221; text_text_color=&#8221;#000000&#8243; text_font_size=&#8221;16px&#8221; text_line_height=&#8221;1.8em&#8221; link_font=&#8221;Montserrat|700|||||||&#8221; link_text_color=&#8221;#fa546d&#8221; link_font_size=&#8221;22px&#8221; link_line_height=&#8221;1.5em&#8221; header_font=&#8221;||||||||&#8221; header_2_font=&#8221;Montserrat|700|||||||&#8221; header_2_font_size=&#8221;35px&#8221; header_2_line_height=&#8221;1.4em&#8221; header_6_font=&#8221;Montserrat|600||on|||||&#8221; header_6_text_color=&#8221;#fa546d&#8221; header_6_font_size=&#8221;16px&#8221; header_6_letter_spacing=&#8221;2px&#8221; header_6_line_height=&#8221;1.5em&#8221; max_width_last_edited=&#8221;off|desktop&#8221; module_alignment=&#8221;left&#8221; custom_margin=&#8221;|||&#8221; custom_padding=&#8221;|||&#8221; header_2_font_size_tablet=&#8221;&#8221; header_2_font_size_phone=&#8221;20px&#8221; header_2_font_size_last_edited=&#8221;on|phone&#8221; locked=&#8221;off&#8221; global_colors_info=&#8221;{}&#8221;]<\/p>\n<h2>Ob\u021bine\u021bi o consultare cu un cosmetolog<\/h2>\n<p>\u00cenainte de a cump\u0103ra produse cosmetice, consulta\u021bi un specialist pentru a selecta cea mai potrivit\u0103 linie pentru pielea dvs.[\/et_pb_text][et_pb_button button_text=&#8221;Programa\u021bi-v\u0103 la o consultare&#8221; button_alignment_tablet=&#8221;&#8221; button_alignment_phone=&#8221;center&#8221; button_alignment_last_edited=&#8221;on|phone&#8221; module_class=&#8221;ps-cs-cb-invoke&#8221; _builder_version=&#8221;4.16&#8243; button_border_radius_hover=&#8221;100px&#8221; button_bg_color_hover=&#8221;#ff6b86&#8243; locked=&#8221;off&#8221; global_colors_info=&#8221;{}&#8221; button_one_text_size__hover_enabled=&#8221;off&#8221; button_two_text_size__hover_enabled=&#8221;off&#8221; button_one_text_color__hover_enabled=&#8221;off&#8221; button_two_text_color__hover_enabled=&#8221;off&#8221; button_one_border_width__hover_enabled=&#8221;off&#8221; button_two_border_width__hover_enabled=&#8221;off&#8221; button_one_border_color__hover_enabled=&#8221;off&#8221; button_two_border_color__hover_enabled=&#8221;off&#8221; button_one_border_radius__hover_enabled=&#8221;off&#8221; button_two_border_radius__hover_enabled=&#8221;off&#8221; button_one_letter_spacing__hover_enabled=&#8221;off&#8221; button_two_letter_spacing__hover_enabled=&#8221;off&#8221; button_one_bg_color__hover_enabled=&#8221;off&#8221; button_two_bg_color__hover_enabled=&#8221;off&#8221; button_bg_color__hover_enabled=&#8221;off|desktop&#8221;][\/et_pb_button][\/et_pb_column][et_pb_column type=&#8221;1_2&#8243; _builder_version=&#8221;4.16&#8243; custom_padding=&#8221;|||&#8221; global_colors_info=&#8221;{}&#8221; custom_padding__hover=&#8221;|||&#8221;][\/et_pb_column][\/et_pb_row][\/et_pb_section]<\/p>\n","protected":false},"excerpt":{"rendered":"<p>Bio-linie cu fitoextracte Oamenii de \u0219tiin\u021b\u0103 moderni sunt capabili s\u0103 sintetizeze practic orice produse. \u0218i, de\u0219i acest lucru treze\u0219te admira\u021bie fa\u021b\u0103 de realiz\u0103rile \u0219tiin\u021bifice, tot mai mul\u021bi oameni au \u00eenceput s\u0103 se g\u00e2ndeasc\u0103 la beneficiile unei astfel de produc\u021bii. Acum, atrac\u021bia pentru tot ceea ce este natural, oferit de natur\u0103, a devenit o tendin\u021b\u0103 mondial\u0103. [&hellip;]<\/p>\n","protected":false},"author":2,"featured_media":0,"parent":0,"menu_order":0,"comment_status":"closed","ping_status":"closed","template":"","meta":{"_et_pb_use_builder":"on","_et_pb_old_content":"","_et_gb_content_width":"","footnotes":""},"class_list":["post-9108","page","type-page","status-publish","hentry"],"_links":{"self":[{"href":"https:\/\/www.pharmika.md\/ro\/wp-json\/wp\/v2\/pages\/9108","targetHints":{"allow":["GET"]}}],"collection":[{"href":"https:\/\/www.pharmika.md\/ro\/wp-json\/wp\/v2\/pages"}],"about":[{"href":"https:\/\/www.pharmika.md\/ro\/wp-json\/wp\/v2\/types\/page"}],"author":[{"embeddable":true,"href":"https:\/\/www.pharmika.md\/ro\/wp-json\/wp\/v2\/users\/2"}],"replies":[{"embeddable":true,"href":"https:\/\/www.pharmika.md\/ro\/wp-json\/wp\/v2\/comments?post=9108"}],"version-history":[{"count":2,"href":"https:\/\/www.pharmika.md\/ro\/wp-json\/wp\/v2\/pages\/9108\/revisions"}],"predecessor-version":[{"id":9110,"href":"https:\/\/www.pharmika.md\/ro\/wp-json\/wp\/v2\/pages\/9108\/revisions\/9110"}],"wp:attachment":[{"href":"https:\/\/www.pharmika.md\/ro\/wp-json\/wp\/v2\/media?parent=9108"}],"curies":[{"name":"wp","href":"https:\/\/api.w.org\/{rel}","templated":true}]}}